{"id":211,"date":"2022-03-07T16:10:07","date_gmt":"2022-03-07T16:10:07","guid":{"rendered":"http:\/\/nuestrasmanos.org.ar\/?page_id=211"},"modified":"2023-05-10T15:12:32","modified_gmt":"2023-05-10T15:12:32","slug":"sobre-nosotros","status":"publish","type":"page","link":"https:\/\/nuestrasmanos.org.ar\/?page_id=211","title":{"rendered":"Sobre Nosotros"},"content":{"rendered":"\t\t<div data-elementor-type=\"wp-page\" data-elementor-id=\"211\" class=\"elementor elementor-211\">\n\t\t\t\t\t\t\t\t\t<section class=\"elementor-section elementor-top-section elementor-element elementor-element-2b342ec5 elementor-section-content-middle elementor-section-boxed elementor-section-height-default elementor-section-height-default\" data-id=\"2b342ec5\" data-element_type=\"section\" data-settings=\"{&quot;background_background&quot;:&quot;classic&quot;,&quot;shape_divider_top&quot;:&quot;opacity-tilt&quot;}\">\n\t\t\t\t\t\t\t<div class=\"elementor-background-overlay\"><\/div>\n\t\t\t\t\t\t<div class=\"elementor-shape elementor-shape-top\" data-negative=\"false\">\n\t\t\t<svg xmlns=\"http:\/\/www.w3.org\/2000\/svg\" viewBox=\"0 0 2600 131.1\" preserveAspectRatio=\"none\">\n\t<path class=\"elementor-shape-fill\" d=\"M0 0L2600 0 2600 69.1 0 0z\"\/>\n\t<path class=\"elementor-shape-fill\" style=\"opacity:0.5\" d=\"M0 0L2600 0 2600 69.1 0 69.1z\"\/>\n\t<path class=\"elementor-shape-fill\" style=\"opacity:0.25\" d=\"M2600 0L0 0 0 130.1 2600 69.1z\"\/>\n<\/svg>\t\t<\/div>\n\t\t\t\t\t<div class=\"elementor-container elementor-column-gap-no\">\n\t\t\t\t\t<div class=\"elementor-column elementor-col-100 elementor-top-column elementor-element elementor-element-22098433\" data-id=\"22098433\" data-element_type=\"column\">\n\t\t\t<div class=\"elementor-widget-wrap elementor-element-populated\">\n\t\t\t\t\t\t\t\t<div class=\"elementor-element elementor-element-41f8392d elementor-widget elementor-widget-text-editor\" data-id=\"41f8392d\" data-element_type=\"widget\" data-widget_type=\"text-editor.default\">\n\t\t\t\t<div class=\"elementor-widget-container\">\n\t\t\t<style>\/*! elementor - v3.6.6 - 08-06-2022 *\/\n.elementor-widget-text-editor.elementor-drop-cap-view-stacked .elementor-drop-cap{background-color:#818a91;color:#fff}.elementor-widget-text-editor.elementor-drop-cap-view-framed .elementor-drop-cap{color:#818a91;border:3px solid;background-color:transparent}.elementor-widget-text-editor:not(.elementor-drop-cap-view-default) .elementor-drop-cap{margin-top:8px}.elementor-widget-text-editor:not(.elementor-drop-cap-view-default) .elementor-drop-cap-letter{width:1em;height:1em}.elementor-widget-text-editor .elementor-drop-cap{float:left;text-align:center;line-height:1;font-size:50px}.elementor-widget-text-editor .elementor-drop-cap-letter{display:inline-block}<\/style>\t\t\t\t<p><span style=\"font-weight: 500;\">\u00a0Nuestras Manos es una organizaci\u00f3n cuya visi\u00f3n se centra en brindar alternativas de abordajes para superar situaciones traum\u00e1ticas y colaborar a orientar a equipos que quieran revisar sus pr\u00e1cticas.\u00a0<\/span><\/p><p><span style=\"font-weight: 500;\">\u00a0 Como asociaci\u00f3n ademas nos insertamos en espacios comunitarios donde se acompa\u00f1a a la comunidad c\u00f3mo a les referentes y\/o profesionales de los mismos.\u00a0<\/span><\/p><p><span style=\"font-weight: 500;\">\u00a0 \u00a0 Somos un equipo interdisciplinario de profesionales con perspectiva de g\u00e9nero de las \u00e1reas de la psicolog\u00eda, jur\u00eddica y social, con formaci\u00f3n y experiencia en problem\u00e1ticas de violencia.<\/span><\/p><p style=\"margin-bottom: 0.28cm; line-height: 108%; text-align: left;\">\u00a0<\/p>\t\t\t\t\t\t<\/div>\n\t\t\t\t<\/div>\n\t\t\t\t\t<\/div>\n\t\t<\/div>\n\t\t\t\t\t\t\t<\/div>\n\t\t<\/section>\n\t\t\t\t<section class=\"elementor-section elementor-top-section elementor-element elementor-element-a3f67dc elementor-section-content-middle elementor-section-boxed elementor-section-height-default elementor-section-height-default\" data-id=\"a3f67dc\" data-element_type=\"section\" data-settings=\"{&quot;background_background&quot;:&quot;classic&quot;}\">\n\t\t\t\t\t\t<div class=\"elementor-container elementor-column-gap-no\">\n\t\t\t\t\t<div class=\"elementor-column elementor-col-50 elementor-top-column elementor-element elementor-element-3e5c3568\" data-id=\"3e5c3568\" data-element_type=\"column\">\n\t\t\t<div class=\"elementor-widget-wrap elementor-element-populated\">\n\t\t\t\t\t\t\t\t<div class=\"elementor-element elementor-element-78f6ab9b elementor-widget elementor-widget-heading\" data-id=\"78f6ab9b\" data-element_type=\"widget\" data-widget_type=\"heading.default\">\n\t\t\t\t<div class=\"elementor-widget-container\">\n\t\t\t<style>\/*! elementor - v3.6.6 - 08-06-2022 *\/\n.elementor-heading-title{padding:0;margin:0;line-height:1}.elementor-widget-heading .elementor-heading-title[class*=elementor-size-]>a{color:inherit;font-size:inherit;line-height:inherit}.elementor-widget-heading .elementor-heading-title.elementor-size-small{font-size:15px}.elementor-widget-heading .elementor-heading-title.elementor-size-medium{font-size:19px}.elementor-widget-heading .elementor-heading-title.elementor-size-large{font-size:29px}.elementor-widget-heading .elementor-heading-title.elementor-size-xl{font-size:39px}.elementor-widget-heading .elementor-heading-title.elementor-size-xxl{font-size:59px}<\/style><h3 class=\"elementor-heading-title elementor-size-default\">Equipo Terapeutico<\/h3>\t\t<\/div>\n\t\t\t\t<\/div>\n\t\t\t\t<div class=\"elementor-element elementor-element-e7a0c2d elementor-widget elementor-widget-text-editor\" data-id=\"e7a0c2d\" data-element_type=\"widget\" data-widget_type=\"text-editor.default\">\n\t\t\t\t<div class=\"elementor-widget-container\">\n\t\t\t\t\t\t\t<p style=\"text-align: left;\"><span style=\"font-weight: 400;\">Trabajamos con ni\u00f1xs, adolescentes y adultxs. Podemos ayudarte en problem\u00e1ticas relacionadas con ansiedad, estr\u00e9s, trauma, depresi\u00f3n, sexualidad.\u00a0<\/span><\/p><p style=\"text-align: left;\"><span style=\"font-weight: 400;\">Articulamos en red con otros actores del territorio nacional, acompa\u00f1ando situaciones complejas.\u00a0<\/span><\/p><p style=\"text-align: left;\"><span style=\"font-weight: 400;\">La complejidad de los cuadros presentados y la falta de recursos disponibles, llev\u00f3 al equipo de Nuestras Manos a pensar acciones posibles entre tanta necesidad y urgencia:<\/span><\/p><ul><li style=\"font-weight: 400; text-align: left;\" aria-level=\"1\"><span style=\"font-weight: 400;\">Tensiones y dilemas que transitamos, recursos humanos y econ\u00f3micos acotados.\u00a0<\/span><\/li><li style=\"font-weight: 400; text-align: left;\" aria-level=\"1\"><span style=\"font-weight: 400;\">Desproporcionalidad entre el tiempo disponible y las necesidades coexistentes.\u00a0<\/span><\/li><\/ul><p style=\"text-align: left;\"><span style=\"font-weight: 400;\">Utilizamos distintos modelos terap\u00e9uticos frente a estas situaciones:\u00a0<\/span><\/p><ul><li style=\"font-weight: 400; text-align: left;\" aria-level=\"1\"><span style=\"font-weight: 400;\">Abordajes cognitivos-conductuales y sist\u00e9micos.<\/span><\/li><li style=\"font-weight: 400; text-align: left;\" aria-level=\"1\"><span style=\"font-weight: 400;\">EMDR (Terapia de desensibilizaci\u00f3n y reprocesamiento mediante movimientos oculares).\u00a0<\/span><\/li><li style=\"font-weight: 400; text-align: left;\" aria-level=\"1\"><span style=\"font-weight: 400;\">Mindulness (atenci\u00f3n plena).\u00a0<\/span><\/li><li style=\"font-weight: 400; text-align: left;\" aria-level=\"1\"><span style=\"font-weight: 400;\">ACT (Terapia de aceptaci\u00f3n y compromiso).\u00a0<\/span><\/li><li style=\"font-weight: 400; text-align: left;\" aria-level=\"1\"><span style=\"font-weight: 400;\">DBT (Terapia dial\u00e9ctico conductual).<\/span><\/li><\/ul>\t\t\t\t\t\t<\/div>\n\t\t\t\t<\/div>\n\t\t\t\t\t<\/div>\n\t\t<\/div>\n\t\t\t\t<div class=\"elementor-column elementor-col-50 elementor-top-column elementor-element elementor-element-40cec8ee\" data-id=\"40cec8ee\" data-element_type=\"column\">\n\t\t\t<div class=\"elementor-widget-wrap elementor-element-populated\">\n\t\t\t\t\t\t\t\t<div class=\"elementor-element elementor-element-32cbfd07 elementor-widget elementor-widget-image\" data-id=\"32cbfd07\" data-element_type=\"widget\" data-widget_type=\"image.default\">\n\t\t\t\t<div class=\"elementor-widget-container\">\n\t\t\t<style>\/*! elementor - v3.6.6 - 08-06-2022 *\/\n.elementor-widget-image{text-align:center}.elementor-widget-image a{display:inline-block}.elementor-widget-image a img[src$=\".svg\"]{width:48px}.elementor-widget-image img{vertical-align:middle;display:inline-block}<\/style>\t\t\t\t\t\t\t\t\t\t\t\t<img width=\"1560\" height=\"1040\" src=\"https:\/\/nuestrasmanos.org.ar\/wp-content\/uploads\/2022\/04\/psicoterapia3.jpg\" class=\"attachment-full size-full\" alt=\"\" loading=\"lazy\" srcset=\"https:\/\/nuestrasmanos.org.ar\/wp-content\/uploads\/2022\/04\/psicoterapia3.jpg 1560w, https:\/\/nuestrasmanos.org.ar\/wp-content\/uploads\/2022\/04\/psicoterapia3-300x200.jpg 300w, https:\/\/nuestrasmanos.org.ar\/wp-content\/uploads\/2022\/04\/psicoterapia3-1024x683.jpg 1024w, https:\/\/nuestrasmanos.org.ar\/wp-content\/uploads\/2022\/04\/psicoterapia3-768x512.jpg 768w, https:\/\/nuestrasmanos.org.ar\/wp-content\/uploads\/2022\/04\/psicoterapia3-1536x1024.jpg 1536w\" sizes=\"(max-width: 1560px) 100vw, 1560px\" \/>\t\t\t\t\t\t\t\t\t\t\t\t\t\t\t<\/div>\n\t\t\t\t<\/div>\n\t\t\t\t\t<\/div>\n\t\t<\/div>\n\t\t\t\t\t\t\t<\/div>\n\t\t<\/section>\n\t\t\t\t<section class=\"elementor-section elementor-top-section elementor-element elementor-element-38ad9867 elementor-section-content-middle elementor-section-boxed elementor-section-height-default elementor-section-height-default\" data-id=\"38ad9867\" data-element_type=\"section\" data-settings=\"{&quot;background_background&quot;:&quot;classic&quot;,&quot;shape_divider_bottom&quot;:&quot;opacity-tilt&quot;}\">\n\t\t\t\t\t<div class=\"elementor-shape elementor-shape-bottom\" data-negative=\"false\">\n\t\t\t<svg xmlns=\"http:\/\/www.w3.org\/2000\/svg\" viewBox=\"0 0 2600 131.1\" preserveAspectRatio=\"none\">\n\t<path class=\"elementor-shape-fill\" d=\"M0 0L2600 0 2600 69.1 0 0z\"\/>\n\t<path class=\"elementor-shape-fill\" style=\"opacity:0.5\" d=\"M0 0L2600 0 2600 69.1 0 69.1z\"\/>\n\t<path class=\"elementor-shape-fill\" style=\"opacity:0.25\" d=\"M2600 0L0 0 0 130.1 2600 69.1z\"\/>\n<\/svg>\t\t<\/div>\n\t\t\t\t\t<div class=\"elementor-container elementor-column-gap-no\">\n\t\t\t\t\t<div class=\"elementor-column elementor-col-50 elementor-top-column elementor-element elementor-element-f0e1da3\" data-id=\"f0e1da3\" data-element_type=\"column\">\n\t\t\t<div class=\"elementor-widget-wrap elementor-element-populated\">\n\t\t\t\t\t\t\t\t<div class=\"elementor-element elementor-element-69d6e535 elementor-widget elementor-widget-image\" data-id=\"69d6e535\" data-element_type=\"widget\" data-widget_type=\"image.default\">\n\t\t\t\t<div class=\"elementor-widget-container\">\n\t\t\t\t\t\t\t\t\t\t\t\t\t\t\t<img width=\"1920\" height=\"1281\" src=\"https:\/\/nuestrasmanos.org.ar\/wp-content\/uploads\/2022\/02\/capacitacion.jpg\" class=\"attachment-full size-full\" alt=\"\" loading=\"lazy\" srcset=\"https:\/\/nuestrasmanos.org.ar\/wp-content\/uploads\/2022\/02\/capacitacion.jpg 1920w, https:\/\/nuestrasmanos.org.ar\/wp-content\/uploads\/2022\/02\/capacitacion-300x200.jpg 300w, https:\/\/nuestrasmanos.org.ar\/wp-content\/uploads\/2022\/02\/capacitacion-1024x683.jpg 1024w, https:\/\/nuestrasmanos.org.ar\/wp-content\/uploads\/2022\/02\/capacitacion-768x512.jpg 768w, https:\/\/nuestrasmanos.org.ar\/wp-content\/uploads\/2022\/02\/capacitacion-1536x1025.jpg 1536w, https:\/\/nuestrasmanos.org.ar\/wp-content\/uploads\/2022\/02\/capacitacion-1320x881.jpg 1320w\" sizes=\"(max-width: 1920px) 100vw, 1920px\" \/>\t\t\t\t\t\t\t\t\t\t\t\t\t\t\t<\/div>\n\t\t\t\t<\/div>\n\t\t\t\t\t<\/div>\n\t\t<\/div>\n\t\t\t\t<div class=\"elementor-column elementor-col-50 elementor-top-column elementor-element elementor-element-78cb6dbd\" data-id=\"78cb6dbd\" data-element_type=\"column\">\n\t\t\t<div class=\"elementor-widget-wrap elementor-element-populated\">\n\t\t\t\t\t\t\t\t<div class=\"elementor-element elementor-element-5dd4e29b elementor-widget elementor-widget-heading\" data-id=\"5dd4e29b\" data-element_type=\"widget\" data-widget_type=\"heading.default\">\n\t\t\t\t<div class=\"elementor-widget-container\">\n\t\t\t<h3 class=\"elementor-heading-title elementor-size-default\">Formacion Profesional y Capacitaciones<\/h3>\t\t<\/div>\n\t\t\t\t<\/div>\n\t\t\t\t<div class=\"elementor-element elementor-element-2d622e42 elementor-widget elementor-widget-text-editor\" data-id=\"2d622e42\" data-element_type=\"widget\" data-widget_type=\"text-editor.default\">\n\t\t\t\t<div class=\"elementor-widget-container\">\n\t\t\t\t\t\t\t<p style=\"margin-bottom: 0.28cm; line-height: 108%; text-align: left;\"><span style=\"font-style: inherit; color: var( --e-global-color-1e810de ); background-color: var( --e-global-color-9779c23 );\">Ofrecemos cursos y capacitaciones te\u00f3rico-pr\u00e1cticos para estudiantes avanzados y profesionales.<\/span><\/p><p><span style=\"font-weight: 500;\">Brindamos capacitaci\u00f3n y asesoramiento a instituciones (p\u00fablicas o privadas) en las \u00e1reas de :<\/span><\/p><ul><li style=\"font-weight: 500;\" aria-level=\"1\"><span style=\"font-weight: 500;\">Pol\u00edticas de g\u00e9nero y diversidad.<\/span><\/li><li style=\"font-weight: 500;\" aria-level=\"1\"><span style=\"font-weight: 500;\">Prevenci\u00f3n de la violencia.<\/span><\/li><li style=\"font-weight: 500;\" aria-level=\"1\"><span style=\"font-weight: 500;\">Supervisiones\u00a0<\/span><\/li><\/ul><p><a href=\"http:\/\/nuestrasmanos.org.ar\/?page_id=241\" target=\"_blank\" rel=\"noopener\">Cons\u00faltanos por asesoramiento institucional o por los cursos disponibles.<\/a><span style=\"font-weight: 500;\">\u00a0<\/span><\/p><p style=\"margin-bottom: 0.28cm; line-height: 108%;\">\u00a0<\/p>\t\t\t\t\t\t<\/div>\n\t\t\t\t<\/div>\n\t\t\t\t\t<\/div>\n\t\t<\/div>\n\t\t\t\t\t\t\t<\/div>\n\t\t<\/section>\n\t\t\t\t\t\t\t<\/div>\n\t\t","protected":false},"excerpt":{"rendered":"<p>\u00a0Nuestras Manos es una organizaci\u00f3n cuya visi\u00f3n se centra en brindar alternativas de abordajes para superar situaciones traum\u00e1ticas y colaborar a orientar a equipos que quieran revisar sus pr\u00e1cticas.\u00a0 \u00a0 Como asociaci\u00f3n ademas nos insertamos en espacios comunitarios donde se acompa\u00f1a a la comunidad c\u00f3mo a les referentes y\/o profesionales de los mismos.\u00a0 \u00a0 \u00a0 &hellip;<\/p>\n<p class=\"read-more\"> <a class=\"\" href=\"https:\/\/nuestrasmanos.org.ar\/?page_id=211\"> <span class=\"screen-reader-text\">Sobre Nosotros<\/span> Leer m\u00e1s &raquo;<\/a><\/p>\n","protected":false},"author":1,"featured_media":0,"parent":0,"menu_order":0,"comment_status":"closed","ping_status":"closed","template":"","meta":{"site-sidebar-layout":"no-sidebar","site-content-layout":"page-builder","ast-main-header-display":"","ast-hfb-above-header-display":"","ast-hfb-below-header-display":"","ast-hfb-mobile-header-display":"","site-post-title":"disabled","ast-breadcrumbs-content":"","ast-featured-img":"disabled","footer-sml-layout":"","theme-transparent-header-meta":"","adv-header-id-meta":"","stick-header-meta":"","header-above-stick-meta":"","header-main-stick-meta":"","header-below-stick-meta":""},"_links":{"self":[{"href":"https:\/\/nuestrasmanos.org.ar\/index.php?rest_route=\/wp\/v2\/pages\/211"}],"collection":[{"href":"https:\/\/nuestrasmanos.org.ar\/index.php?rest_route=\/wp\/v2\/pages"}],"about":[{"href":"https:\/\/nuestrasmanos.org.ar\/index.php?rest_route=\/wp\/v2\/types\/page"}],"author":[{"embeddable":true,"href":"https:\/\/nuestrasmanos.org.ar\/index.php?rest_route=\/wp\/v2\/users\/1"}],"replies":[{"embeddable":true,"href":"https:\/\/nuestrasmanos.org.ar\/index.php?rest_route=%2Fwp%2Fv2%2Fcomments&post=211"}],"version-history":[{"count":112,"href":"https:\/\/nuestrasmanos.org.ar\/index.php?rest_route=\/wp\/v2\/pages\/211\/revisions"}],"predecessor-version":[{"id":1026,"href":"https:\/\/nuestrasmanos.org.ar\/index.php?rest_route=\/wp\/v2\/pages\/211\/revisions\/1026"}],"wp:attachment":[{"href":"https:\/\/nuestrasmanos.org.ar\/index.php?rest_route=%2Fwp%2Fv2%2Fmedia&parent=211"}],"curies":[{"name":"wp","href":"https:\/\/api.w.org\/{rel}","templated":true}]}}